{"id":2764,"date":"2023-03-23T13:25:48","date_gmt":"2023-03-23T13:25:48","guid":{"rendered":"https:\/\/patriciamesina.com\/politica-de-privadesa\/"},"modified":"2024-03-01T13:09:36","modified_gmt":"2024-03-01T13:09:36","slug":"politica-de-privadesa","status":"publish","type":"page","link":"https:\/\/patriciamesina.com\/ca\/politica-de-privadesa\/","title":{"rendered":"Pol\u00edtica de privacitat"},"content":{"rendered":"\t\t<div data-elementor-type=\"wp-page\" data-elementor-id=\"2764\" class=\"elementor elementor-2764 elementor-3\" data-elementor-post-type=\"page\">\n\t\t\t\t\t\t<section class=\"elementor-section elementor-top-section elementor-element elementor-element-d14afec elementor-section-boxed elementor-section-height-default elementor-section-height-default\" data-id=\"d14afec\" data-element_type=\"section\" data-e-type=\"section\" data-settings=\"{&quot;background_background&quot;:&quot;classic&quot;}\">\n\t\t\t\t\t\t<div class=\"elementor-container elementor-column-gap-default\">\n\t\t\t\t\t<div class=\"elementor-column elementor-col-100 elementor-top-column elementor-element elementor-element-6a81b2b5\" data-id=\"6a81b2b5\" data-element_type=\"column\" data-e-type=\"column\">\n\t\t\t<div class=\"elementor-widget-wrap elementor-element-populated\">\n\t\t\t\t\t\t<div class=\"elementor-element elementor-element-71399210 elementor-widget elementor-widget-text-editor\" data-id=\"71399210\" data-element_type=\"widget\" data-e-type=\"widget\" data-widget_type=\"text-editor.default\">\n\t\t\t\t<div class=\"elementor-widget-container\">\n\t\t\t\t\t\t\t\t\t<h2>Pol\u00edtica de privacitat<\/h2>\n<p>En aquest apartat volem informar-te de la nostra manera de gestionar les dades de car\u00e0cter personal, donant aix\u00ed compliment al que disposa el Reglament (UE) 2016\/679, del Parlament Europeu i del Consell, de 27 d&#8217;abril de 2016.<\/p>\n<p> <\/p>\n<p><span style=\"text-decoration: underline;\"><strong>RESPONSABLE DEL TRACTAMENT<\/strong> <\/span><\/p>\n<p>El titular del lloc web \u00e9s Patricia Mesina Soto, amb NRT 27951 AND i domicili social situat al Carrer Av. Joan Mart\u00ed 94, AD200 Encamp, Andorra i amb les dades de contacte seg\u00fcents: correu electr\u00f2nic patimesina.guia@gmail.com.<\/p>\n<p>Patricia Mesina Soto, com a responsable de la web i de conformitat amb el que disposa la normativa vigent en mat\u00e8ria de protecci\u00f3 de dades personals, el Reglament (UE) 2016\/679, de 27 d&#8217;abril de 2016 (RGPD) relatiu a la protecci\u00f3 de les persones f\u00edsiques quant al tractament de dades personals ia la lliure circulaci\u00f3 daquestes dades; i per la Llei 34\/2002, d&#8217;11 de juliol, de Serveis a la Societat de la Informaci\u00f3 i del Comer\u00e7 Electr\u00f2nic (LSSICE), t\u00e9 implementades totes les mesures de seguretat, d&#8217;\u00edndole t\u00e8cnica i organitzatives, establertes al Reial Decret 1720\/ 2007, de 21 de Desembre (que desenvolupa la LOPD), per garantir i protegir la confidencialitat, integritat i disponibilitat de les dades introdu\u00efdes.<\/p>\n<p>Totes les dades personals dels USUARIS obtingudes als diferents formularis al llarg de la web seran emmagatzemades en un fitxer automatitzat propietat de Patricia Mesina Soto.<\/p>\n<p>La FINALITAT per al tractament de dades es realitza per poder prestar els serveis seg\u00fcents a l&#8217;USUARI:<\/p>\n<ul>\n<li>Respondre les consultes realitzades per l&#8217;usuari o proporcionar informacions requerides expl\u00edcitament per l&#8217;usuari.<\/li>\n<li>Realitzar la gesti\u00f3, administraci\u00f3 i prestaci\u00f3 de serveis contractats per L&#8217;USUARI.<\/li>\n<li>Remetre el butllet\u00ed de not\u00edcies (Newsletter) de la p\u00e0gina web.<\/li>\n<li>Remetre informaci\u00f3 comercial sobre les activitats realitzades pel responsable.<\/li>\n<\/ul>\n<p> <\/p>\n<p>L&#8217;USUARI garanteix la veracitat de les dades aportades i es compromet a comunicar qualsevol canvi que s&#8217;hi produeixi.<\/p>\n<p>En emplenar els formularis de registre, L&#8217;USUARI manifesta haver llegit i acceptar la Pol\u00edtica de privacitat, atorgant aix\u00ed el seu consentiment al tractament de les seves dades personals en pro de les finalitats esmentades. El fet de no facilitar les dades personals sol\u00b7licitades o no acceptar aquesta Pol\u00edtica de Protecci\u00f3 de Dades, far\u00e0 que resulti impossible realitzar l&#8217;acci\u00f3 pretesa per l&#8217;usuari, ja sigui subscriure&#8217;s, registrar-se, rebre informaci\u00f3 dels productes o contractar els serveis de Patricia Mesina Soto.<\/p>\n<p>D&#8217;acord amb aquestes normatives, s&#8217;informa a L&#8217;USUARI que t\u00e9 dret a sol\u00b7licitar l&#8217;acc\u00e9s, rectificaci\u00f3, portabilitat i supressi\u00f3 de les seves dades i la limitaci\u00f3 i oposici\u00f3 al tractament enviant un correu electr\u00f2nic al correu contacte: patimesina.guia@gmail.com, i exercir aix\u00ed els seus drets d&#8217;oposici\u00f3, acc\u00e9s i informaci\u00f3, rectificaci\u00f3, cancel\u00b7laci\u00f3 de les dades i revocaci\u00f3 de la seva autoritzaci\u00f3.<\/p>\n<p>L&#8217;USUARI t\u00e9 dret a retirar el consentiment prestat en qualsevol moment. La retirada del consentiment esmentat no afecta la licitud del tractament efectuat abans de la retirada del consentiment.<\/p>\n<p>L&#8217;USUARI tamb\u00e9 t\u00e9 dret a presentar una reclamaci\u00f3 davant l&#8217;autoritat de control si considera que els seus drets s&#8217;han vist vulnerats en relaci\u00f3 amb la protecci\u00f3 de les seves dades (agpd.es).<\/p>\n<p> <\/p>\n<p><span style=\"text-decoration: underline;\"><strong>USUARIS <\/strong><\/span><\/p>\n<p>L&#8217;acc\u00e9s i\/o \u00fas d&#8217;aquest portal de Patricia Mesina Soto atribueix la condici\u00f3 d&#8217;USUARI, que accepta, des d&#8217;aquest acc\u00e9s i\/o \u00fas, les Condicions Generals d&#8217;\u00das reflectides aqu\u00ed. Les condicions esmentades s\u00f3n aplicables independentment de les condicions generals de contractaci\u00f3 que, si s&#8217;escau, resultin de compliment obligat.<\/p>\n<p> <\/p>\n<p><span style=\"text-decoration: underline;\"><strong>\u00daS DEL PORTAL <\/strong><\/span><\/p>\n<p>Patricia Mesina Soto proporciona l&#8217;acc\u00e9s a multitud d&#8217;informacions, serveis, programes o dades (d&#8217;ara endavant, \u201cels continguts\u201d) a Internet pertanyents a Patricia Mesina Soto o als seus llicenciants als quals l&#8217;USUARI hi pugui tenir acc\u00e9s.<\/p>\n<p>L\u00b4USUARI assumeix la responsabilitat de l\u00b4\u00fas del portal. Aquesta responsabilitat s&#8217;est\u00e9n al registre necessari per accedir a determinats serveis o continguts.<\/p>\n<p>L&#8217;USUARI es compromet a fer un \u00fas adequat dels continguts i serveis (com ara serveis de xat, f\u00f2rums de discussi\u00f3 o grups de not\u00edcies) que Patricia Mesina Soto ofereix a trav\u00e9s del seu portal i amb car\u00e0cter enunciatiu per\u00f2 no limitatiu, a no emprar-los per inc\u00f3rrer en activitats il\u00b7l\u00edcites, il\u00b7legals o contr\u00e0ries a la bona fe ia l&#8217;ordre p\u00fablic; difondre continguts o propaganda de car\u00e0cter racista, xen\u00f2fob, pornogr\u00e0fic-il\u00b7legal, d&#8217;apologia del terrorisme o atemptatori contra els drets humans; provocar danys en els sistemes f\u00edsics i l\u00f2gics de Patricia Mesina Soto, dels seus prove\u00efdors o de terceres persones, introduir o difondre a la xarxa virus inform\u00e0tics o qualssevol altres sistemes f\u00edsics o l\u00f2gics que siguin susceptibles de provocar els danys anteriorment esmentats; intentar accedir i, si escau, utilitzar els comptes de correu electr\u00f2nic daltres usuaris i modificar o manipular els seus missatges. Patricia Mesina Soto es reserva el dret de retirar tots aquells comentaris i aportacions que vulnerin el respecte a la dignitat de la persona, que siguin discriminatoris, xen\u00f2fobs, racistes, pornogr\u00e0fics, que atemptin contra la joventut o la inf\u00e0ncia, l&#8217;ordre o la seguretat p\u00fablica o que, a parer seu, no resultessin adequats per a la seva publicaci\u00f3. En qualsevol cas, Patricia Mesina Soto no ser\u00e0 responsable de les opinions abocades pels usuaris a trav\u00e9s dels f\u00f2rums, xats o altres eines de participaci\u00f3.<\/p>\n<p> <\/p>\n<p><strong><span style=\"text-decoration: underline;\">PROPIETAT INTEL\u00b7LECTUAL I INDUSTRIAL <\/span><\/strong><\/p>\n<p>Patricia Mesina Soto, per si o com a cession\u00e0ria, \u00e9s titular de tots els drets de propietat intel\u00b7lectual i industrial de la seva p\u00e0gina web, aix\u00ed com dels elements continguts a la mateixa (a t\u00edtol enunciatiu, imatges, so, \u00e0udio, v\u00eddeo, programari o texts, marques o logotips, combinacions de colors, estructura i disseny, selecci\u00f3 de materials usats, programes d&#8217;ordinador necessaris per al seu funcionament, acc\u00e9s i \u00fas, etc.). Tots els drets reservats. En virtut del que disposen els articles 8 i 32.1, par\u00e0graf segon, de la Llei de propietat intel\u00b7lectual, queden expressament prohibides la reproducci\u00f3, la distribuci\u00f3 i la comunicaci\u00f3 p\u00fablica, inclosa la seva modalitat de posada a disposici\u00f3, de la totalitat o part dels continguts d&#8217;aquesta p\u00e0gina web, amb finalitats comercials, a qualsevol suport i per qualsevol mitj\u00e0 t\u00e8cnic, sense l&#8217;autoritzaci\u00f3 de Patricia Mesina Soto. L&#8217;USUARI es compromet a respectar els drets de propietat intel\u00b7lectual i industrial titularitat de Patricia Mesina Soto. Podreu visualitzar els elements del portal i fins i tot imprimir-los, copiar-los i emmagatzemar-los al disc dur del vostre ordinador o en qualsevol altre suport f\u00edsic sempre que sigui, \u00fanica i exclusivament, per al seu \u00fas personal i privat. L&#8217;USUARI haur\u00e0 d&#8217;abstenir-se de suprimir, alterar, eludir o manipular qualsevol dispositiu de protecci\u00f3 o sistema de seguretat que estigu\u00e9s instal\u00b7lat a les p\u00e0gines de Patricia Mesina Soto.<\/p>\n<p> <\/p>\n<p><span style=\"text-decoration: underline;\"><strong>EXCLUSI\u00d3 DE GARANTIES I RESPONSABILITAT <\/strong><\/span><\/p>\n<p>Patricia Mesina Soto no es fa responsable, en cap cas, dels danys i perjudicis de qualsevol naturalesa que poguessin ocasionar, a t\u00edtol enunciatiu: errors o omissions en els continguts, manca de disponibilitat del portal o la transmissi\u00f3 de virus o programes maliciosos o lesius en els continguts, malgrat haver adoptat totes les mesures tecnol\u00f2giques necess\u00e0ries per evitar-ho.<\/p>\n<p> <\/p>\n<p><span style=\"text-decoration: underline;\"><strong>MODIFICACIONS <\/strong><\/span><\/p>\n<p>Patricia Mesina Soto es reserva el dret d&#8217;efectuar sense previ av\u00eds les modificacions que consideri oportunes al seu portal, podent canviar, suprimir o afegir tant els continguts i serveis que es prestin a trav\u00e9s d&#8217;aquesta com la forma en qu\u00e8 aquests apareguin presentats o localitzats al vostre portal.<\/p>\n<p> <\/p>\n<p><span style=\"text-decoration: underline;\"><strong>POL\u00cdTICA DE CONFIDENCIALITAT <\/strong><\/span><\/p>\n<p>Les dades facilitades per L&#8217;USUARI es tractaran de forma confidencial, havent adoptat les mesures t\u00e8cniques i organitzatives per garantir aquesta confidencialitat per part de Patricia Mesina Soto, per evitar la seva alteraci\u00f3, p\u00e8rdua, robatori, tractament o acc\u00e9s no autoritzat, d&#8217;acord amb l&#8217;estat de la tecnologia i naturalesa de les dades emmagatzemades.<\/p>\n<p> <\/p>\n<p><span style=\"text-decoration: underline;\"><strong>ACCEPTACI\u00d3 I CONSENTIMENT EXPR\u00c9S <\/strong><\/span><\/p>\n<p>L&#8217;USUARI declara haver estat informat de les condicions sobre protecci\u00f3 de dades de car\u00e0cter personal, acceptant i consentint el tractament automatitzat dels mateixos per part de Patricia Mesina Soto en la forma i per a les finalitats indicades a la present Pol\u00edtica de Dades Personals.<\/p>\n<p> <\/p>\n<p><span style=\"text-decoration: underline;\"><strong>ENLLA\u00c7OS EXTERNS A ALTRES WEBS<\/strong> <\/span><\/p>\n<p>En cas que en nom del domini es disposessin enlla\u00e7os o hipervincles cap a altres llocs d&#8217;Internet, Patricia Mesina Soto no exercir\u00e0 cap tipus de control sobre aquests llocs i continguts. En cap cas Patricia Mesina Soto assumir\u00e0 cap responsabilitat pels continguts d&#8217;algun enlla\u00e7 pertanyent a un lloc web ali\u00e8, ni garantir\u00e0 la disponibilitat t\u00e8cnica, qualitat, fiabilitat, exactitud, amplitud, veracitat, validesa i constitucionalitat de qualsevol material o informaci\u00f3 continguda en cap de aquests hipervincles o altres llocs dInternet. Igualment, la inclusi\u00f3 d&#8217;aquestes connexions externes no implicar\u00e0 cap mena d&#8217;associaci\u00f3, fusi\u00f3 o participaci\u00f3 amb les entitats connectades.<\/p>\n<p> <\/p>\n<p><span style=\"text-decoration: underline;\"><strong>CORREUS COMERCIALS <\/strong><\/span><\/p>\n<p>Qualsevol correu de car\u00e0cter comercial enviat per Patricia Mesina Soto ha estat amb anterioritat a aquest enviament autoritzat expressament per l&#8217;USUARI, i no s&#8217;envia informaci\u00f3 amb aquest car\u00e0cter si no s&#8217;accepta amb anterioritat la pol\u00edtica de privacitat d&#8217;aquest lloc web.<\/p>\n<p> <\/p>\n<p><span style=\"text-decoration: underline;\"><strong>CANVIS A LA PRESENT POL\u00cdTICA DE PRIVACITAT <\/strong><\/span><\/p>\n<p>En qualsevol moment es podr\u00e0 modificar aquesta Pol\u00edtica de privacitat per adaptar-se a nova legislaci\u00f3 o per decisi\u00f3 de Patricia Mesina Soto. En qualsevol cas, hagi canviat la Pol\u00edtica de privacitat o no, L&#8217;USUARI t\u00e9 dret a exercir els drets seg\u00fcents: Dret a sol\u00b7licitar l&#8217;Acc\u00e9s a les seves dades personals, i obtenir informaci\u00f3 sobre si estem tractant dades personals que li concerneixen o no. Dret a sol\u00b7licitar la Rectificaci\u00f3 de les seves dades inexactes, o si escau, sol\u00b7licitar la seva Supressi\u00f3 quan, entre altres motius, les dades ja no siguin necess\u00e0ries per als fins per als quals van ser recollides. Dret a sol\u00b7licitar la Limitaci\u00f3 del Tractament de les seves Dades, cas en qu\u00e8 \u00fanicament les conservarem per a l&#8217;exercici o defensa de reclamacions. Dret a sol\u00b7licitar l&#8217;oposici\u00f3 al tractament de les seves dades, en determinades circumst\u00e0ncies i basada en motius relacionats amb la situaci\u00f3 particular. Dret a la portabilitat de les seves dades. Dret a retirar el consentiment prestat, sense que aquesta retirada afecti la licitud dels tractaments anteriors basats en aquest consentiment. Dret a Reclamar davant d&#8217;una Autoritat de Control.<\/p>\n<p> <\/p>\n<p><span style=\"text-decoration: underline;\"><strong>MENORS D&#8217;EDAT <\/strong><\/span><\/p>\n<p>\u00c9s Pol\u00edtica de Patricia Mesina Soto no demanar ni tractar dades de persones menors de catorze anys. En cas que una persona menor d&#8217;aquesta edat faciliti les seves dades a trav\u00e9s del formulari de contacte disposat a aquest efecte a Patricia Mesina Soto oa trav\u00e9s de qualsevol altre mitj\u00e0, Patricia Mesina Soto es reserva el dret a la destrucci\u00f3 immediata de les dades esmentades. Els nostres serveis nom\u00e9s estan disponibles per a aquelles persones que tinguin capacitat legal per contractar. Per tant, aquells que no compleixin aquesta condici\u00f3 hauran d&#8217;abstenir-se de subministrar informaci\u00f3 personal per ser inclosa a les nostres bases de dades. No obstant aix\u00f2, ho poden fer a trav\u00e9s dels pares o tutors, d&#8217;acord amb el que estableix la normativa legal.<\/p>\n<p> <\/p>\n<p><strong><span style=\"text-decoration: underline;\">DRET D&#8217;EXCLUSI\u00d3 <\/span><\/strong><\/p>\n<p>Patricia Mesina Soto es reserva el dret a denegar o retirar l&#8217;acc\u00e9s a portal i\/o als serveis oferts sense necessitat de preav\u00eds, a inst\u00e0ncia pr\u00f2pia o d&#8217;un tercer, a aquells usuaris que incompleixin aquestes Condicions Generals d&#8217;\u00das. GENERALITATS Patricia Mesina Soto perseguir\u00e0 l&#8217;incompliment de les presents condicions, aix\u00ed com qualsevol utilitzaci\u00f3 indeguda del portal exercint totes les accions civils i penals que li puguin correspondre en dret.<\/p>\n<p> <\/p>\n<p><span style=\"text-decoration: underline;\"><strong>MODIFICACI\u00d3 DE LES PRESENTS CONDICIONS I DURADA<\/strong><\/span><\/p>\n<p>Patricia Mesina Soto podr\u00e0 modificar en qualsevol moment les condicions aqu\u00ed determinades, sent degudament publicades com aqu\u00ed apareixen. La vig\u00e8ncia de les condicions esmentades anir\u00e0 en funci\u00f3 de la seva exposici\u00f3 i estaran vigents fins que siguin modificades per altres degudament publicades.<\/p>\n<p> <\/p>\n<p><span style=\"text-decoration: underline;\"><strong>LEGISLACI\u00d3 APLICABLE I JURISDICCI\u00d3<\/strong> <\/span><\/p>\n<p>La relaci\u00f3 entre Patricia Mesina Soto i l&#8217;USUARI es regir\u00e0 per la normativa espanyola vigent i qualsevol controv\u00e8rsia se sotmetr\u00e0 als jutjats i tribunals de la ciutat d&#8217;Andorra la Vella.<\/p>\t\t\t\t\t\t\t\t<\/div>\n\t\t\t\t<\/div>\n\t\t\t\t\t<\/div>\n\t\t<\/div>\n\t\t\t\t\t<\/div>\n\t\t<\/section>\n\t\t\t\t<\/div>\n\t\t","protected":false},"excerpt":{"rendered":"<p>Pol\u00edtica de privadesa En aquest apartat volem informar-te de la nostra manera de gestionar les dades de car\u00e0cter personal, donant aix\u00ed compliment al que disposa el Reglament (UE) 2016\/679, del Parlament Europeu i del Consell, de 27 d&#8217;abril de 2016. RESPONSABLE DEL TRACTAMENT El titular del lloc web \u00e9s Patricia Mesina Soto, amb NRT 27951 [&hellip;]<\/p>\n","protected":false},"author":1,"featured_media":0,"parent":0,"menu_order":0,"comment_status":"closed","ping_status":"open","template":"","meta":{"inline_featured_image":false,"footnotes":""},"class_list":["post-2764","page","type-page","status-publish","hentry"],"yoast_head":"<!-- This site is optimized with the Yoast SEO plugin v27.3 - https:\/\/yoast.com\/product\/yoast-seo-wordpress\/ -->\n<title>Pol\u00edtica de privacitat * Patricia Mesina<\/title>\n<meta name=\"robots\" content=\"noindex, follow\" \/>\n<meta property=\"og:locale\" content=\"ca_ES\" \/>\n<meta property=\"og:type\" content=\"article\" \/>\n<meta property=\"og:title\" content=\"Pol\u00edtica de privacitat * Patricia Mesina\" \/>\n<meta property=\"og:description\" content=\"Pol\u00edtica de privadesa En aquest apartat volem informar-te de la nostra manera de gestionar les dades de car\u00e0cter personal, donant aix\u00ed compliment al que disposa el Reglament (UE) 2016\/679, del Parlament Europeu i del Consell, de 27 d&#8217;abril de 2016. RESPONSABLE DEL TRACTAMENT El titular del lloc web \u00e9s Patricia Mesina Soto, amb NRT 27951 [&hellip;]\" \/>\n<meta property=\"og:url\" content=\"https:\/\/patriciamesina.com\/ca\/politica-de-privadesa\/\" \/>\n<meta property=\"og:site_name\" content=\"Patricia Mesina\" \/>\n<meta property=\"article:publisher\" content=\"https:\/\/www.facebook.com\/TuGuiaPati\" \/>\n<meta property=\"article:modified_time\" content=\"2024-03-01T13:09:36+00:00\" \/>\n<meta property=\"og:image\" content=\"https:\/\/patriciamesina.com\/wp-content\/uploads\/2023\/11\/IMG_20230318_183716_681.webp\" \/>\n\t<meta property=\"og:image:width\" content=\"1200\" \/>\n\t<meta property=\"og:image:height\" content=\"1200\" \/>\n\t<meta property=\"og:image:type\" content=\"image\/webp\" \/>\n<meta name=\"twitter:card\" content=\"summary_large_image\" \/>\n<meta name=\"twitter:label1\" content=\"Temps estimat de lectura\" \/>\n\t<meta name=\"twitter:data1\" content=\"10 minuts\" \/>\n<script type=\"application\/ld+json\" class=\"yoast-schema-graph\">{\"@context\":\"https:\\\/\\\/schema.org\",\"@graph\":[{\"@type\":\"WebPage\",\"@id\":\"https:\\\/\\\/patriciamesina.com\\\/ca\\\/politica-de-privadesa\\\/\",\"url\":\"https:\\\/\\\/patriciamesina.com\\\/ca\\\/politica-de-privadesa\\\/\",\"name\":\"Pol\u00edtica de privacitat * Patricia Mesina\",\"isPartOf\":{\"@id\":\"https:\\\/\\\/patriciamesina.com\\\/ca\\\/#website\"},\"datePublished\":\"2023-03-23T13:25:48+00:00\",\"dateModified\":\"2024-03-01T13:09:36+00:00\",\"breadcrumb\":{\"@id\":\"https:\\\/\\\/patriciamesina.com\\\/ca\\\/politica-de-privadesa\\\/#breadcrumb\"},\"inLanguage\":\"ca\",\"potentialAction\":[{\"@type\":\"ReadAction\",\"target\":[\"https:\\\/\\\/patriciamesina.com\\\/ca\\\/politica-de-privadesa\\\/\"]}]},{\"@type\":\"BreadcrumbList\",\"@id\":\"https:\\\/\\\/patriciamesina.com\\\/ca\\\/politica-de-privadesa\\\/#breadcrumb\",\"itemListElement\":[{\"@type\":\"ListItem\",\"position\":1,\"name\":\"Portada\",\"item\":\"https:\\\/\\\/patriciamesina.com\\\/ca\\\/\"},{\"@type\":\"ListItem\",\"position\":2,\"name\":\"Pol\u00edtica de privacitat\"}]},{\"@type\":\"WebSite\",\"@id\":\"https:\\\/\\\/patriciamesina.com\\\/ca\\\/#website\",\"url\":\"https:\\\/\\\/patriciamesina.com\\\/ca\\\/\",\"name\":\"Patricia Mesina\",\"description\":\"Gu\u00eda de Monta\u00f1a en Andorra\\\/Expediciones emocionantes de alta monta\u00f1a por el Desierto de Atacama y aventuras inolvidables en esqu\u00ed de monta\u00f1a, raquetas de nieve, v\u00edas ferrata por Andorra\",\"publisher\":{\"@id\":\"https:\\\/\\\/patriciamesina.com\\\/ca\\\/#\\\/schema\\\/person\\\/e5c5ac35eb41745510f2176a948d573b\"},\"alternateName\":\"Patricia Mesina\",\"potentialAction\":[{\"@type\":\"SearchAction\",\"target\":{\"@type\":\"EntryPoint\",\"urlTemplate\":\"https:\\\/\\\/patriciamesina.com\\\/ca\\\/?s={search_term_string}\"},\"query-input\":{\"@type\":\"PropertyValueSpecification\",\"valueRequired\":true,\"valueName\":\"search_term_string\"}}],\"inLanguage\":\"ca\"},{\"@type\":[\"Person\",\"Organization\"],\"@id\":\"https:\\\/\\\/patriciamesina.com\\\/ca\\\/#\\\/schema\\\/person\\\/e5c5ac35eb41745510f2176a948d573b\",\"name\":\"Patricia Mesina\",\"image\":{\"@type\":\"ImageObject\",\"inLanguage\":\"ca\",\"@id\":\"https:\\\/\\\/patriciamesina.com\\\/wp-content\\\/uploads\\\/2023\\\/03\\\/patricia-mesina-logo-blue.svg\",\"url\":\"https:\\\/\\\/patriciamesina.com\\\/wp-content\\\/uploads\\\/2023\\\/03\\\/patricia-mesina-logo-blue.svg\",\"contentUrl\":\"https:\\\/\\\/patriciamesina.com\\\/wp-content\\\/uploads\\\/2023\\\/03\\\/patricia-mesina-logo-blue.svg\",\"width\":349,\"height\":264,\"caption\":\"Patricia Mesina\"},\"logo\":{\"@id\":\"https:\\\/\\\/patriciamesina.com\\\/wp-content\\\/uploads\\\/2023\\\/03\\\/patricia-mesina-logo-blue.svg\"},\"sameAs\":[\"https:\\\/\\\/www.facebook.com\\\/TuGuiaPati\",\"https:\\\/\\\/www.instagram.com\\\/patriciamesina.guia\\\/\"]}]}<\/script>\n<!-- \/ Yoast SEO plugin. -->","yoast_head_json":{"title":"Pol\u00edtica de privacitat * Patricia Mesina","robots":{"index":"noindex","follow":"follow"},"og_locale":"ca_ES","og_type":"article","og_title":"Pol\u00edtica de privacitat * Patricia Mesina","og_description":"Pol\u00edtica de privadesa En aquest apartat volem informar-te de la nostra manera de gestionar les dades de car\u00e0cter personal, donant aix\u00ed compliment al que disposa el Reglament (UE) 2016\/679, del Parlament Europeu i del Consell, de 27 d&#8217;abril de 2016. RESPONSABLE DEL TRACTAMENT El titular del lloc web \u00e9s Patricia Mesina Soto, amb NRT 27951 [&hellip;]","og_url":"https:\/\/patriciamesina.com\/ca\/politica-de-privadesa\/","og_site_name":"Patricia Mesina","article_publisher":"https:\/\/www.facebook.com\/TuGuiaPati","article_modified_time":"2024-03-01T13:09:36+00:00","og_image":[{"width":1200,"height":1200,"url":"https:\/\/patriciamesina.com\/wp-content\/uploads\/2023\/11\/IMG_20230318_183716_681.webp","type":"image\/webp"}],"twitter_card":"summary_large_image","twitter_misc":{"Temps estimat de lectura":"10 minuts"},"schema":{"@context":"https:\/\/schema.org","@graph":[{"@type":"WebPage","@id":"https:\/\/patriciamesina.com\/ca\/politica-de-privadesa\/","url":"https:\/\/patriciamesina.com\/ca\/politica-de-privadesa\/","name":"Pol\u00edtica de privacitat * Patricia Mesina","isPartOf":{"@id":"https:\/\/patriciamesina.com\/ca\/#website"},"datePublished":"2023-03-23T13:25:48+00:00","dateModified":"2024-03-01T13:09:36+00:00","breadcrumb":{"@id":"https:\/\/patriciamesina.com\/ca\/politica-de-privadesa\/#breadcrumb"},"inLanguage":"ca","potentialAction":[{"@type":"ReadAction","target":["https:\/\/patriciamesina.com\/ca\/politica-de-privadesa\/"]}]},{"@type":"BreadcrumbList","@id":"https:\/\/patriciamesina.com\/ca\/politica-de-privadesa\/#breadcrumb","itemListElement":[{"@type":"ListItem","position":1,"name":"Portada","item":"https:\/\/patriciamesina.com\/ca\/"},{"@type":"ListItem","position":2,"name":"Pol\u00edtica de privacitat"}]},{"@type":"WebSite","@id":"https:\/\/patriciamesina.com\/ca\/#website","url":"https:\/\/patriciamesina.com\/ca\/","name":"Patricia Mesina","description":"Gu\u00eda de Monta\u00f1a en Andorra\/Expediciones emocionantes de alta monta\u00f1a por el Desierto de Atacama y aventuras inolvidables en esqu\u00ed de monta\u00f1a, raquetas de nieve, v\u00edas ferrata por Andorra","publisher":{"@id":"https:\/\/patriciamesina.com\/ca\/#\/schema\/person\/e5c5ac35eb41745510f2176a948d573b"},"alternateName":"Patricia Mesina","potentialAction":[{"@type":"SearchAction","target":{"@type":"EntryPoint","urlTemplate":"https:\/\/patriciamesina.com\/ca\/?s={search_term_string}"},"query-input":{"@type":"PropertyValueSpecification","valueRequired":true,"valueName":"search_term_string"}}],"inLanguage":"ca"},{"@type":["Person","Organization"],"@id":"https:\/\/patriciamesina.com\/ca\/#\/schema\/person\/e5c5ac35eb41745510f2176a948d573b","name":"Patricia Mesina","image":{"@type":"ImageObject","inLanguage":"ca","@id":"https:\/\/patriciamesina.com\/wp-content\/uploads\/2023\/03\/patricia-mesina-logo-blue.svg","url":"https:\/\/patriciamesina.com\/wp-content\/uploads\/2023\/03\/patricia-mesina-logo-blue.svg","contentUrl":"https:\/\/patriciamesina.com\/wp-content\/uploads\/2023\/03\/patricia-mesina-logo-blue.svg","width":349,"height":264,"caption":"Patricia Mesina"},"logo":{"@id":"https:\/\/patriciamesina.com\/wp-content\/uploads\/2023\/03\/patricia-mesina-logo-blue.svg"},"sameAs":["https:\/\/www.facebook.com\/TuGuiaPati","https:\/\/www.instagram.com\/patriciamesina.guia\/"]}]}},"_links":{"self":[{"href":"https:\/\/patriciamesina.com\/ca\/wp-json\/wp\/v2\/pages\/2764","targetHints":{"allow":["GET"]}}],"collection":[{"href":"https:\/\/patriciamesina.com\/ca\/wp-json\/wp\/v2\/pages"}],"about":[{"href":"https:\/\/patriciamesina.com\/ca\/wp-json\/wp\/v2\/types\/page"}],"author":[{"embeddable":true,"href":"https:\/\/patriciamesina.com\/ca\/wp-json\/wp\/v2\/users\/1"}],"replies":[{"embeddable":true,"href":"https:\/\/patriciamesina.com\/ca\/wp-json\/wp\/v2\/comments?post=2764"}],"version-history":[{"count":4,"href":"https:\/\/patriciamesina.com\/ca\/wp-json\/wp\/v2\/pages\/2764\/revisions"}],"predecessor-version":[{"id":2936,"href":"https:\/\/patriciamesina.com\/ca\/wp-json\/wp\/v2\/pages\/2764\/revisions\/2936"}],"wp:attachment":[{"href":"https:\/\/patriciamesina.com\/ca\/wp-json\/wp\/v2\/media?parent=2764"}],"curies":[{"name":"wp","href":"https:\/\/api.w.org\/{rel}","templated":true}]}}