{"id":2760,"date":"2023-05-29T09:37:15","date_gmt":"2023-05-29T09:37:15","guid":{"rendered":"https:\/\/patriciamesina.com\/avis-legal\/"},"modified":"2024-10-24T16:33:37","modified_gmt":"2024-10-24T16:33:37","slug":"avis-legal","status":"publish","type":"page","link":"https:\/\/patriciamesina.com\/ca\/avis-legal\/","title":{"rendered":"Av\u00eds Legal"},"content":{"rendered":"\t\t<div data-elementor-type=\"wp-page\" data-elementor-id=\"2760\" class=\"elementor elementor-2760 elementor-1550\" data-elementor-post-type=\"page\">\n\t\t\t\t\t\t<section class=\"elementor-section elementor-top-section elementor-element elementor-element-d14afec elementor-section-boxed elementor-section-height-default elementor-section-height-default\" data-id=\"d14afec\" data-element_type=\"section\" data-e-type=\"section\" data-settings=\"{&quot;background_background&quot;:&quot;classic&quot;}\">\n\t\t\t\t\t\t<div class=\"elementor-container elementor-column-gap-default\">\n\t\t\t\t\t<div class=\"elementor-column elementor-col-100 elementor-top-column elementor-element elementor-element-6a81b2b5\" data-id=\"6a81b2b5\" data-element_type=\"column\" data-e-type=\"column\">\n\t\t\t<div class=\"elementor-widget-wrap elementor-element-populated\">\n\t\t\t\t\t\t<div class=\"elementor-element elementor-element-71399210 elementor-widget elementor-widget-text-editor\" data-id=\"71399210\" data-element_type=\"widget\" data-e-type=\"widget\" data-widget_type=\"text-editor.default\">\n\t\t\t\t<div class=\"elementor-widget-container\">\n\t\t\t\t\t\t\t\t\t<h2>Av\u00eds Legal<\/h2>\n<p>Abans d&#8217;utilitzar aquest lloc web de Patricia Mesina Soto, us demanem que llegiu detingudament les condicions seg\u00fcents que regeixen l&#8217;\u00fas i l&#8217;acc\u00e9s al mateix. Nom\u00e9s podreu utilitzar el lloc web si us comprometeu a acceptar aquestes condicions d&#8217;\u00fas i no l&#8217;haureu d&#8217;utilitzar ni accedir-hi si no accepteu aquestes condicions en la seva totalitat. Pel fet d&#8217;utilitzar o accedir al lloc web, us comprometeu a obligar-vos per aquestes condicions d&#8217;\u00fas.<\/p>\n<p>En virtut de les obligacions establertes per la Llei 34\/2002, de Serveis de la Societat de la Informaci\u00f3 i de Comer\u00e7 Electr\u00f2nic, t&#8217;informem que aquest lloc web \u00e9s propietat de Patricia Mesina Soto, NRT 27951 AND i domicili social situat al Carrer Av . Joan Mart\u00ed 94, AD200 Encamp, Andorra i amb les dades de contacte seg\u00fcents: patimesina.guia@gmail.com.<\/p>\n<p>Tot contingut mostrat en aquest espai web, de qualsevol mena, ja sigui documentaci\u00f3 escrita, v\u00eddeos, material visual (descarregable o no), est\u00e0 subjecte a drets d&#8217;autor i propietat intel\u00b7lectual, dels quals Patricia Mesina Soto \u00e9s titular. En cap cas no es transmetran o cediran aquests drets sense consentiment previ, expl\u00edcit i per escrit.<\/p>\n\t\t\t\t\t\t\t\t<\/div>\n\t\t\t\t<\/div>\n\t\t\t\t\t<\/div>\n\t\t<\/div>\n\t\t\t\t\t<\/div>\n\t\t<\/section>\n\t\t\t\t<\/div>\n\t\t","protected":false},"excerpt":{"rendered":"<p>Av\u00eds Legal Abans d&#8217;utilitzar aquest lloc web de Patricia Mesina Soto, us demanem que llegiu detingudament les condicions seg\u00fcents que regeixen l&#8217;\u00fas i l&#8217;acc\u00e9s al mateix. Nom\u00e9s podreu utilitzar el lloc web si us comprometeu a acceptar aquestes condicions d&#8217;\u00fas i no l&#8217;haureu d&#8217;utilitzar ni accedir-hi si no accepteu aquestes condicions en la seva totalitat. [&hellip;]<\/p>\n","protected":false},"author":1,"featured_media":0,"parent":0,"menu_order":0,"comment_status":"closed","ping_status":"closed","template":"","meta":{"inline_featured_image":false,"footnotes":""},"class_list":["post-2760","page","type-page","status-publish","hentry"],"yoast_head":"<!-- This site is optimized with the Yoast SEO plugin v27.3 - https:\/\/yoast.com\/product\/yoast-seo-wordpress\/ -->\n<title>Av\u00eds Legal * Patricia Mesina<\/title>\n<meta name=\"robots\" content=\"noindex, follow\" \/>\n<meta property=\"og:locale\" content=\"ca_ES\" \/>\n<meta property=\"og:type\" content=\"article\" \/>\n<meta property=\"og:title\" content=\"Av\u00eds Legal * Patricia Mesina\" \/>\n<meta property=\"og:description\" content=\"Av\u00eds Legal Abans d&#8217;utilitzar aquest lloc web de Patricia Mesina Soto, us demanem que llegiu detingudament les condicions seg\u00fcents que regeixen l&#8217;\u00fas i l&#8217;acc\u00e9s al mateix. Nom\u00e9s podreu utilitzar el lloc web si us comprometeu a acceptar aquestes condicions d&#8217;\u00fas i no l&#8217;haureu d&#8217;utilitzar ni accedir-hi si no accepteu aquestes condicions en la seva totalitat. [&hellip;]\" \/>\n<meta property=\"og:url\" content=\"https:\/\/patriciamesina.com\/ca\/avis-legal\/\" \/>\n<meta property=\"og:site_name\" content=\"Patricia Mesina\" \/>\n<meta property=\"article:publisher\" content=\"https:\/\/www.facebook.com\/TuGuiaPati\" \/>\n<meta property=\"article:modified_time\" content=\"2024-10-24T16:33:37+00:00\" \/>\n<meta property=\"og:image\" content=\"https:\/\/patriciamesina.com\/wp-content\/uploads\/2023\/11\/IMG_20230318_183716_681.webp\" \/>\n\t<meta property=\"og:image:width\" content=\"1200\" \/>\n\t<meta property=\"og:image:height\" content=\"1200\" \/>\n\t<meta property=\"og:image:type\" content=\"image\/webp\" \/>\n<meta name=\"twitter:card\" content=\"summary_large_image\" \/>\n<meta name=\"twitter:label1\" content=\"Temps estimat de lectura\" \/>\n\t<meta name=\"twitter:data1\" content=\"1 minut\" \/>\n<script type=\"application\/ld+json\" class=\"yoast-schema-graph\">{\"@context\":\"https:\\\/\\\/schema.org\",\"@graph\":[{\"@type\":\"WebPage\",\"@id\":\"https:\\\/\\\/patriciamesina.com\\\/ca\\\/avis-legal\\\/\",\"url\":\"https:\\\/\\\/patriciamesina.com\\\/ca\\\/avis-legal\\\/\",\"name\":\"Av\u00eds Legal * Patricia Mesina\",\"isPartOf\":{\"@id\":\"https:\\\/\\\/patriciamesina.com\\\/ca\\\/#website\"},\"datePublished\":\"2023-05-29T09:37:15+00:00\",\"dateModified\":\"2024-10-24T16:33:37+00:00\",\"breadcrumb\":{\"@id\":\"https:\\\/\\\/patriciamesina.com\\\/ca\\\/avis-legal\\\/#breadcrumb\"},\"inLanguage\":\"ca\",\"potentialAction\":[{\"@type\":\"ReadAction\",\"target\":[\"https:\\\/\\\/patriciamesina.com\\\/ca\\\/avis-legal\\\/\"]}]},{\"@type\":\"BreadcrumbList\",\"@id\":\"https:\\\/\\\/patriciamesina.com\\\/ca\\\/avis-legal\\\/#breadcrumb\",\"itemListElement\":[{\"@type\":\"ListItem\",\"position\":1,\"name\":\"Portada\",\"item\":\"https:\\\/\\\/patriciamesina.com\\\/ca\\\/\"},{\"@type\":\"ListItem\",\"position\":2,\"name\":\"Av\u00eds Legal\"}]},{\"@type\":\"WebSite\",\"@id\":\"https:\\\/\\\/patriciamesina.com\\\/ca\\\/#website\",\"url\":\"https:\\\/\\\/patriciamesina.com\\\/ca\\\/\",\"name\":\"Patricia Mesina\",\"description\":\"Gu\u00eda de Monta\u00f1a en Andorra\\\/Expediciones emocionantes de alta monta\u00f1a por el Desierto de Atacama y aventuras inolvidables en esqu\u00ed de monta\u00f1a, raquetas de nieve, v\u00edas ferrata por Andorra\",\"publisher\":{\"@id\":\"https:\\\/\\\/patriciamesina.com\\\/ca\\\/#\\\/schema\\\/person\\\/e5c5ac35eb41745510f2176a948d573b\"},\"alternateName\":\"Patricia Mesina\",\"potentialAction\":[{\"@type\":\"SearchAction\",\"target\":{\"@type\":\"EntryPoint\",\"urlTemplate\":\"https:\\\/\\\/patriciamesina.com\\\/ca\\\/?s={search_term_string}\"},\"query-input\":{\"@type\":\"PropertyValueSpecification\",\"valueRequired\":true,\"valueName\":\"search_term_string\"}}],\"inLanguage\":\"ca\"},{\"@type\":[\"Person\",\"Organization\"],\"@id\":\"https:\\\/\\\/patriciamesina.com\\\/ca\\\/#\\\/schema\\\/person\\\/e5c5ac35eb41745510f2176a948d573b\",\"name\":\"Patricia Mesina\",\"image\":{\"@type\":\"ImageObject\",\"inLanguage\":\"ca\",\"@id\":\"https:\\\/\\\/patriciamesina.com\\\/wp-content\\\/uploads\\\/2023\\\/03\\\/patricia-mesina-logo-blue.svg\",\"url\":\"https:\\\/\\\/patriciamesina.com\\\/wp-content\\\/uploads\\\/2023\\\/03\\\/patricia-mesina-logo-blue.svg\",\"contentUrl\":\"https:\\\/\\\/patriciamesina.com\\\/wp-content\\\/uploads\\\/2023\\\/03\\\/patricia-mesina-logo-blue.svg\",\"width\":349,\"height\":264,\"caption\":\"Patricia Mesina\"},\"logo\":{\"@id\":\"https:\\\/\\\/patriciamesina.com\\\/wp-content\\\/uploads\\\/2023\\\/03\\\/patricia-mesina-logo-blue.svg\"},\"sameAs\":[\"https:\\\/\\\/www.facebook.com\\\/TuGuiaPati\",\"https:\\\/\\\/www.instagram.com\\\/patriciamesina.guia\\\/\"]}]}<\/script>\n<!-- \/ Yoast SEO plugin. -->","yoast_head_json":{"title":"Av\u00eds Legal * Patricia Mesina","robots":{"index":"noindex","follow":"follow"},"og_locale":"ca_ES","og_type":"article","og_title":"Av\u00eds Legal * Patricia Mesina","og_description":"Av\u00eds Legal Abans d&#8217;utilitzar aquest lloc web de Patricia Mesina Soto, us demanem que llegiu detingudament les condicions seg\u00fcents que regeixen l&#8217;\u00fas i l&#8217;acc\u00e9s al mateix. Nom\u00e9s podreu utilitzar el lloc web si us comprometeu a acceptar aquestes condicions d&#8217;\u00fas i no l&#8217;haureu d&#8217;utilitzar ni accedir-hi si no accepteu aquestes condicions en la seva totalitat. [&hellip;]","og_url":"https:\/\/patriciamesina.com\/ca\/avis-legal\/","og_site_name":"Patricia Mesina","article_publisher":"https:\/\/www.facebook.com\/TuGuiaPati","article_modified_time":"2024-10-24T16:33:37+00:00","og_image":[{"width":1200,"height":1200,"url":"https:\/\/patriciamesina.com\/wp-content\/uploads\/2023\/11\/IMG_20230318_183716_681.webp","type":"image\/webp"}],"twitter_card":"summary_large_image","twitter_misc":{"Temps estimat de lectura":"1 minut"},"schema":{"@context":"https:\/\/schema.org","@graph":[{"@type":"WebPage","@id":"https:\/\/patriciamesina.com\/ca\/avis-legal\/","url":"https:\/\/patriciamesina.com\/ca\/avis-legal\/","name":"Av\u00eds Legal * Patricia Mesina","isPartOf":{"@id":"https:\/\/patriciamesina.com\/ca\/#website"},"datePublished":"2023-05-29T09:37:15+00:00","dateModified":"2024-10-24T16:33:37+00:00","breadcrumb":{"@id":"https:\/\/patriciamesina.com\/ca\/avis-legal\/#breadcrumb"},"inLanguage":"ca","potentialAction":[{"@type":"ReadAction","target":["https:\/\/patriciamesina.com\/ca\/avis-legal\/"]}]},{"@type":"BreadcrumbList","@id":"https:\/\/patriciamesina.com\/ca\/avis-legal\/#breadcrumb","itemListElement":[{"@type":"ListItem","position":1,"name":"Portada","item":"https:\/\/patriciamesina.com\/ca\/"},{"@type":"ListItem","position":2,"name":"Av\u00eds Legal"}]},{"@type":"WebSite","@id":"https:\/\/patriciamesina.com\/ca\/#website","url":"https:\/\/patriciamesina.com\/ca\/","name":"Patricia Mesina","description":"Gu\u00eda de Monta\u00f1a en Andorra\/Expediciones emocionantes de alta monta\u00f1a por el Desierto de Atacama y aventuras inolvidables en esqu\u00ed de monta\u00f1a, raquetas de nieve, v\u00edas ferrata por Andorra","publisher":{"@id":"https:\/\/patriciamesina.com\/ca\/#\/schema\/person\/e5c5ac35eb41745510f2176a948d573b"},"alternateName":"Patricia Mesina","potentialAction":[{"@type":"SearchAction","target":{"@type":"EntryPoint","urlTemplate":"https:\/\/patriciamesina.com\/ca\/?s={search_term_string}"},"query-input":{"@type":"PropertyValueSpecification","valueRequired":true,"valueName":"search_term_string"}}],"inLanguage":"ca"},{"@type":["Person","Organization"],"@id":"https:\/\/patriciamesina.com\/ca\/#\/schema\/person\/e5c5ac35eb41745510f2176a948d573b","name":"Patricia Mesina","image":{"@type":"ImageObject","inLanguage":"ca","@id":"https:\/\/patriciamesina.com\/wp-content\/uploads\/2023\/03\/patricia-mesina-logo-blue.svg","url":"https:\/\/patriciamesina.com\/wp-content\/uploads\/2023\/03\/patricia-mesina-logo-blue.svg","contentUrl":"https:\/\/patriciamesina.com\/wp-content\/uploads\/2023\/03\/patricia-mesina-logo-blue.svg","width":349,"height":264,"caption":"Patricia Mesina"},"logo":{"@id":"https:\/\/patriciamesina.com\/wp-content\/uploads\/2023\/03\/patricia-mesina-logo-blue.svg"},"sameAs":["https:\/\/www.facebook.com\/TuGuiaPati","https:\/\/www.instagram.com\/patriciamesina.guia\/"]}]}},"_links":{"self":[{"href":"https:\/\/patriciamesina.com\/ca\/wp-json\/wp\/v2\/pages\/2760","targetHints":{"allow":["GET"]}}],"collection":[{"href":"https:\/\/patriciamesina.com\/ca\/wp-json\/wp\/v2\/pages"}],"about":[{"href":"https:\/\/patriciamesina.com\/ca\/wp-json\/wp\/v2\/types\/page"}],"author":[{"embeddable":true,"href":"https:\/\/patriciamesina.com\/ca\/wp-json\/wp\/v2\/users\/1"}],"replies":[{"embeddable":true,"href":"https:\/\/patriciamesina.com\/ca\/wp-json\/wp\/v2\/comments?post=2760"}],"version-history":[{"count":3,"href":"https:\/\/patriciamesina.com\/ca\/wp-json\/wp\/v2\/pages\/2760\/revisions"}],"predecessor-version":[{"id":3423,"href":"https:\/\/patriciamesina.com\/ca\/wp-json\/wp\/v2\/pages\/2760\/revisions\/3423"}],"wp:attachment":[{"href":"https:\/\/patriciamesina.com\/ca\/wp-json\/wp\/v2\/media?parent=2760"}],"curies":[{"name":"wp","href":"https:\/\/api.w.org\/{rel}","templated":true}]}}